{"id":493,"date":"2015-01-23T18:02:15","date_gmt":"2015-01-23T22:02:15","guid":{"rendered":"https:\/\/www.hispaniola-fineart.com\/?page_id=493"},"modified":"2019-05-10T11:14:52","modified_gmt":"2019-05-10T15:14:52","slug":"die-etwas-andere-reittour","status":"publish","type":"page","link":"https:\/\/www.hispaniola-fineart.com\/de\/die-etwas-andere-reittour\/","title":{"rendered":"Die etwas andere Reittour !"},"content":{"rendered":"<p><a href=\"https:\/\/www.hispaniola-fineart.com\/wp-content\/uploads\/2015\/01\/special_horseback_1.png\" data-lbwps-width=\"300\" data-lbwps-height=\"214\" data-lbwps-srcsmall=\"https:\/\/www.hispaniola-fineart.com\/wp-content\/uploads\/2015\/01\/special_horseback_1-300x214.png\"><img loading=\"lazy\" decoding=\"async\" class=\"aligncenter size-full wp-image-494\" src=\"https:\/\/www.hispaniola-fineart.com\/wp-content\/uploads\/2015\/01\/special_horseback_1.png\" alt=\"special_horseback_1\" width=\"300\" height=\"214\" \/><\/a><\/p>\n<p>Im Norden der Dominikanischen Republik, in Sabaneta, nahe der Tourismuszentren Sosua und Cabarete, gibt es jetzt etwas ganz Besonderes: Reitausfl\u00fcge in traumhafter Kulisse mit Begleitung einer Fotografin.<\/p>\n<p><a href=\"https:\/\/www.hispaniola-fineart.com\/wp-content\/uploads\/2015\/01\/special_horseback_3.png\" data-lbwps-width=\"300\" data-lbwps-height=\"169\" data-lbwps-srcsmall=\"https:\/\/www.hispaniola-fineart.com\/wp-content\/uploads\/2015\/01\/special_horseback_3-300x169.png\"><img loading=\"lazy\" decoding=\"async\" class=\" size-full wp-image-496 alignleft\" src=\"https:\/\/www.hispaniola-fineart.com\/wp-content\/uploads\/2015\/01\/special_horseback_3.png\" alt=\"special_horseback_3\" width=\"300\" height=\"169\" \/><\/a>Reitausfl\u00fcge gibt es viele! Auch dieses oft angebotene, typische Erinnerungsfoto kennt jeder: Reiter mit Pferd. Wenig einfallsreich!<\/p>\n<p>Das kann man doch besser machen, dachten sich Ute Mann, Pferdetrainerin vom Rancho El Contento und Nicole Bleck Fotografin von Hispaniola FineArt. Beide Frauen \u00fcben ihren Job mit viel Liebe und Leidenschaft aus, gut zu erkennen an den gut gepflegten Pferden von Ute und den einf\u00fchlsamen Bildern von Nicole.<\/p>\n<p>Die Zwei bieten erlebnisreiche Reitausfl\u00fcge an, wahlweise durch W\u00e4lder und am Fluss, aber auch an einsamen und naturbelassenen Str\u00e4nden.<\/p>\n<p>3-4 Stunden dauert ein Ausflug, einschlie\u00dflich einem 1 st\u00fcndigen Fotoshooting an einem ausgew\u00e4hlten Ort, z.B. Schwimmen mit Pferden <a href=\"https:\/\/www.hispaniola-fineart.com\/wp-content\/uploads\/2015\/01\/special_horseback_2.png\" data-lbwps-width=\"300\" data-lbwps-height=\"169\" data-lbwps-srcsmall=\"https:\/\/www.hispaniola-fineart.com\/wp-content\/uploads\/2015\/01\/special_horseback_2-300x169.png\"><img loading=\"lazy\" decoding=\"async\" class=\" size-full wp-image-495 alignright\" src=\"https:\/\/www.hispaniola-fineart.com\/wp-content\/uploads\/2015\/01\/special_horseback_2.png\" alt=\"special_horseback_2\" width=\"300\" height=\"169\" \/><\/a>im Fluss, im Galopp am Strand oder durch die Urwaldw\u00e4lder im Norden der Dominikanischen Republik. Auf Wunsch wird gerne auch das gesamte Reiterlebnis professionell im Bild festgehalten.<\/p>\n<p>Ein Urlaubsausflug der nicht nur viel verspricht, sondern auch erf\u00fcllt. Hier werden Kindheitstr\u00e4ume war!<\/p>\n<p>Und das alles jetzt zu Sonderpreisen: 150,- USD p.P., einschlie\u00dflich mindestens 10 Fotos in bester Druckqualit\u00e4t (Gruppenpreise ab 3 Personen auf Anfrage) und einem Freigetr\u00e4nk.<\/p>\n<p>Der Preis gilt bei eigener An- und Abreise.<\/p>\n<p>Bitte unbedingt passende Kleidung mitbringen (2 Garnituren, 1x zum Wechseln \u2013 es wird evtl. nass!).<\/p>\n<p><a href=\"https:\/\/www.hispaniola-fineart.com\/wp-content\/uploads\/2015\/01\/special_horseback_4.png\" data-lbwps-width=\"300\" data-lbwps-height=\"214\" data-lbwps-srcsmall=\"https:\/\/www.hispaniola-fineart.com\/wp-content\/uploads\/2015\/01\/special_horseback_4-300x214.png\"><img loading=\"lazy\" decoding=\"async\" class=\"aligncenter size-full wp-image-497\" src=\"https:\/\/www.hispaniola-fineart.com\/wp-content\/uploads\/2015\/01\/special_horseback_4.png\" alt=\"special_horseback_4\" width=\"300\" height=\"214\" \/><\/a>Die Touren werden dreisprachig (Spanisch, Englisch und Deutsch) angeboten.<\/p>\n<p>Und nat\u00fcrlich immer Ihrem Leistungsverm\u00f6gen entsprechend. Denn sie sollen Spa\u00df machen und kein Stress verursachen.<\/p>\n<p>&nbsp;<\/p>\n<p>Viel Spa\u00df mit Ute und Nicole<\/p>\n<p>Bei Interesse wenden Sie sich bitte an <a href=\"http:\/\/www.ranchoelcontento.com\" target=\"_blank\" rel=\"noopener noreferrer\">Rancho El Contento<\/a> !<\/p>\n","protected":false},"excerpt":{"rendered":"<p>Im Norden der Dominikanischen Republik, in Sabaneta, nahe der Tourismuszentren Sosua und Cabarete, gibt es jetzt etwas ganz Besonderes: Reitausfl\u00fcge in traumhafter Kulisse mit Begleitung [&hellip;]<\/p>\n","protected":false},"author":1,"featured_media":0,"parent":0,"menu_order":0,"comment_status":"closed","ping_status":"closed","template":"","meta":{"_monsterinsights_skip_tracking":false,"_monsterinsights_sitenote_active":false,"_monsterinsights_sitenote_note":"","_monsterinsights_sitenote_category":0,"footnotes":""},"class_list":["post-493","page","type-page","status-publish","hentry"],"yoast_head":"<!-- This site is optimized with the Yoast SEO plugin v27.1.1 - https:\/\/yoast.com\/product\/yoast-seo-wordpress\/ -->\n<title>Die etwas andere Reittour ! - Hispaniola FineArt<\/title>\n<meta name=\"description\" content=\"{:de}Im Norden der Dominikanischen Republik gibt es jetzt etwas ganz Besonderes: Reitausfl\u00fcge in traumhafter Kulisse mit Begleitung eiiner Fotografin.{:en}In the north of the Dominican Republic there is now something very special: riding trips in a dreamlike setting accompanied by a photographer.{:}\" \/>\n<meta name=\"robots\" content=\"index, follow, max-snippet:-1, max-image-preview:large, max-video-preview:-1\" \/>\n<link rel=\"canonical\" href=\"https:\/\/www.hispaniola-fineart.com\/de\/die-etwas-andere-reittour\/\" \/>\n<meta name=\"twitter:label1\" content=\"Gesch\u00e4tzte Lesezeit\" \/>\n\t<meta name=\"twitter:data1\" content=\"1\u00a0Minute\" \/>\n<script type=\"application\/ld+json\" class=\"yoast-schema-graph\">{\"@context\":\"https:\/\/schema.org\",\"@graph\":[{\"@type\":\"WebPage\",\"@id\":\"https:\/\/www.hispaniola-fineart.com\/de\/die-etwas-andere-reittour\/\",\"url\":\"https:\/\/www.hispaniola-fineart.com\/de\/die-etwas-andere-reittour\/\",\"name\":\"Die etwas andere Reittour ! - Hispaniola FineArt\",\"isPartOf\":{\"@id\":\"https:\/\/www.hispaniola-fineart.com\/de\/#website\"},\"primaryImageOfPage\":{\"@id\":\"https:\/\/www.hispaniola-fineart.com\/de\/die-etwas-andere-reittour\/#primaryimage\"},\"image\":{\"@id\":\"https:\/\/www.hispaniola-fineart.com\/de\/die-etwas-andere-reittour\/#primaryimage\"},\"thumbnailUrl\":\"https:\/\/www.hispaniola-fineart.com\/wp-content\/uploads\/2015\/01\/special_horseback_1.png\",\"datePublished\":\"2015-01-23T22:02:15+00:00\",\"dateModified\":\"2019-05-10T15:14:52+00:00\",\"description\":\"{:de}Im Norden der Dominikanischen Republik gibt es jetzt etwas ganz Besonderes: Reitausfl\u00fcge in traumhafter Kulisse mit Begleitung eiiner Fotografin.{:en}In the north of the Dominican Republic there is now something very special: riding trips in a dreamlike setting accompanied by a photographer.{:}\",\"breadcrumb\":{\"@id\":\"https:\/\/www.hispaniola-fineart.com\/de\/die-etwas-andere-reittour\/#breadcrumb\"},\"inLanguage\":\"de-DE\",\"potentialAction\":[{\"@type\":\"ReadAction\",\"target\":[\"https:\/\/www.hispaniola-fineart.com\/de\/die-etwas-andere-reittour\/\"]}]},{\"@type\":\"ImageObject\",\"inLanguage\":\"de-DE\",\"@id\":\"https:\/\/www.hispaniola-fineart.com\/de\/die-etwas-andere-reittour\/#primaryimage\",\"url\":\"https:\/\/www.hispaniola-fineart.com\/wp-content\/uploads\/2015\/01\/special_horseback_1.png\",\"contentUrl\":\"https:\/\/www.hispaniola-fineart.com\/wp-content\/uploads\/2015\/01\/special_horseback_1.png\"},{\"@type\":\"BreadcrumbList\",\"@id\":\"https:\/\/www.hispaniola-fineart.com\/de\/die-etwas-andere-reittour\/#breadcrumb\",\"itemListElement\":[{\"@type\":\"ListItem\",\"position\":1,\"name\":\"Startseite\",\"item\":\"https:\/\/www.hispaniola-fineart.com\/en\/\"},{\"@type\":\"ListItem\",\"position\":2,\"name\":\"Die etwas andere Reittour !\"}]},{\"@type\":\"WebSite\",\"@id\":\"https:\/\/www.hispaniola-fineart.com\/de\/#website\",\"url\":\"https:\/\/www.hispaniola-fineart.com\/de\/\",\"name\":\"Hispaniola FineArt\",\"description\":\"\",\"potentialAction\":[{\"@type\":\"SearchAction\",\"target\":{\"@type\":\"EntryPoint\",\"urlTemplate\":\"https:\/\/www.hispaniola-fineart.com\/de\/?s={search_term_string}\"},\"query-input\":{\"@type\":\"PropertyValueSpecification\",\"valueRequired\":true,\"valueName\":\"search_term_string\"}}],\"inLanguage\":\"de-DE\"}]}<\/script>\n<!-- \/ Yoast SEO plugin. -->","yoast_head_json":{"title":"Die etwas andere Reittour ! - Hispaniola FineArt","description":"{:de}Im Norden der Dominikanischen Republik gibt es jetzt etwas ganz Besonderes: Reitausfl\u00fcge in traumhafter Kulisse mit Begleitung eiiner Fotografin.{:en}In the north of the Dominican Republic there is now something very special: riding trips in a dreamlike setting accompanied by a photographer.{:}","robots":{"index":"index","follow":"follow","max-snippet":"max-snippet:-1","max-image-preview":"max-image-preview:large","max-video-preview":"max-video-preview:-1"},"canonical":"https:\/\/www.hispaniola-fineart.com\/de\/die-etwas-andere-reittour\/","twitter_misc":{"Gesch\u00e4tzte Lesezeit":"1\u00a0Minute"},"schema":{"@context":"https:\/\/schema.org","@graph":[{"@type":"WebPage","@id":"https:\/\/www.hispaniola-fineart.com\/de\/die-etwas-andere-reittour\/","url":"https:\/\/www.hispaniola-fineart.com\/de\/die-etwas-andere-reittour\/","name":"Die etwas andere Reittour ! - Hispaniola FineArt","isPartOf":{"@id":"https:\/\/www.hispaniola-fineart.com\/de\/#website"},"primaryImageOfPage":{"@id":"https:\/\/www.hispaniola-fineart.com\/de\/die-etwas-andere-reittour\/#primaryimage"},"image":{"@id":"https:\/\/www.hispaniola-fineart.com\/de\/die-etwas-andere-reittour\/#primaryimage"},"thumbnailUrl":"https:\/\/www.hispaniola-fineart.com\/wp-content\/uploads\/2015\/01\/special_horseback_1.png","datePublished":"2015-01-23T22:02:15+00:00","dateModified":"2019-05-10T15:14:52+00:00","description":"{:de}Im Norden der Dominikanischen Republik gibt es jetzt etwas ganz Besonderes: Reitausfl\u00fcge in traumhafter Kulisse mit Begleitung eiiner Fotografin.{:en}In the north of the Dominican Republic there is now something very special: riding trips in a dreamlike setting accompanied by a photographer.{:}","breadcrumb":{"@id":"https:\/\/www.hispaniola-fineart.com\/de\/die-etwas-andere-reittour\/#breadcrumb"},"inLanguage":"de-DE","potentialAction":[{"@type":"ReadAction","target":["https:\/\/www.hispaniola-fineart.com\/de\/die-etwas-andere-reittour\/"]}]},{"@type":"ImageObject","inLanguage":"de-DE","@id":"https:\/\/www.hispaniola-fineart.com\/de\/die-etwas-andere-reittour\/#primaryimage","url":"https:\/\/www.hispaniola-fineart.com\/wp-content\/uploads\/2015\/01\/special_horseback_1.png","contentUrl":"https:\/\/www.hispaniola-fineart.com\/wp-content\/uploads\/2015\/01\/special_horseback_1.png"},{"@type":"BreadcrumbList","@id":"https:\/\/www.hispaniola-fineart.com\/de\/die-etwas-andere-reittour\/#breadcrumb","itemListElement":[{"@type":"ListItem","position":1,"name":"Startseite","item":"https:\/\/www.hispaniola-fineart.com\/en\/"},{"@type":"ListItem","position":2,"name":"Die etwas andere Reittour !"}]},{"@type":"WebSite","@id":"https:\/\/www.hispaniola-fineart.com\/de\/#website","url":"https:\/\/www.hispaniola-fineart.com\/de\/","name":"Hispaniola FineArt","description":"","potentialAction":[{"@type":"SearchAction","target":{"@type":"EntryPoint","urlTemplate":"https:\/\/www.hispaniola-fineart.com\/de\/?s={search_term_string}"},"query-input":{"@type":"PropertyValueSpecification","valueRequired":true,"valueName":"search_term_string"}}],"inLanguage":"de-DE"}]}},"_links":{"self":[{"href":"https:\/\/www.hispaniola-fineart.com\/de\/wp-json\/wp\/v2\/pages\/493","targetHints":{"allow":["GET"]}}],"collection":[{"href":"https:\/\/www.hispaniola-fineart.com\/de\/wp-json\/wp\/v2\/pages"}],"about":[{"href":"https:\/\/www.hispaniola-fineart.com\/de\/wp-json\/wp\/v2\/types\/page"}],"author":[{"embeddable":true,"href":"https:\/\/www.hispaniola-fineart.com\/de\/wp-json\/wp\/v2\/users\/1"}],"replies":[{"embeddable":true,"href":"https:\/\/www.hispaniola-fineart.com\/de\/wp-json\/wp\/v2\/comments?post=493"}],"version-history":[{"count":3,"href":"https:\/\/www.hispaniola-fineart.com\/de\/wp-json\/wp\/v2\/pages\/493\/revisions"}],"predecessor-version":[{"id":3597,"href":"https:\/\/www.hispaniola-fineart.com\/de\/wp-json\/wp\/v2\/pages\/493\/revisions\/3597"}],"wp:attachment":[{"href":"https:\/\/www.hispaniola-fineart.com\/de\/wp-json\/wp\/v2\/media?parent=493"}],"curies":[{"name":"wp","href":"https:\/\/api.w.org\/{rel}","templated":true}]}}